{"id":212,"date":"2019-10-17T08:00:03","date_gmt":"2019-10-17T08:00:03","guid":{"rendered":"https:\/\/varsoviaklimat.pl\/?page_id=212"},"modified":"2019-10-17T08:00:03","modified_gmt":"2019-10-17T08:00:03","slug":"o-mnie","status":"publish","type":"page","link":"https:\/\/varsoviaklimat.pl\/?page_id=212","title":{"rendered":"O MNIE"},"content":{"rendered":"<p>Planowe badania historii pogody warszawskiej rozpocz\u0105\u0142em wiosn\u0105 2007 roku. Cel tych dzia\u0142a\u0144 ulega\u0142 stopniowemu poszerzaniu; na pocz\u0105tku chodzi\u0142o tylko o wyszukiwanie z przesz\u0142o\u015bci klimatycznych rekord\u00f3w stolicy. P\u00f3\u017aniej \u2013 wszelkich zjawisk ekstremalnych. A\u017c wreszcie postanowi\u0142em spr\u00f3bowa\u0107 odtworzy\u0107 pogodow\u0105 histori\u0119 miasta tak dok\u0142adnie jak si\u0119 da, dzie\u0144 po dniu, tak daleko w przesz\u0142o\u015b\u0107, jak to si\u0119 oka\u017ce mo\u017cliwe na bazie historycznych zapis\u00f3w stanu pogody. Kt\u00f3re si\u0119gaj\u0105 \u2013 jak si\u0119 okaza\u0142o \u2013 a\u017c do po\u0142owy XVII wieku, a nawet jeszcze dawniej. Du\u017co jeszcze brakuje do uko\u0144czenia tej pracy, jednak\u017ce \u2013 jak si\u0119 wydaje \u2013 jej dotychczasowe wyniki s\u0105 wystarczaj\u0105co ciekawe, by si\u0119 nimi podzieli\u0107 z ka\u017cdym zainteresowanym pogodowymi dziejami Warszawy.<\/p>\n","protected":false},"excerpt":{"rendered":"<p>Planowe badania historii pogody warszawskiej rozpocz\u0105\u0142em wiosn\u0105 2007 roku. Cel tych dzia\u0142a\u0144 ulega\u0142 stopniowemu poszerzaniu; na pocz\u0105tku chodzi\u0142o tylko o wyszukiwanie z przesz\u0142o\u015bci klimatycznych rekord\u00f3w stolicy. P\u00f3\u017aniej \u2013 wszelkich zjawisk ekstremalnych. A\u017c wreszcie postanowi\u0142em spr\u00f3bowa\u0107 odtworzy\u0107 pogodow\u0105 histori\u0119 miasta tak dok\u0142adnie jak si\u0119 da, dzie\u0144 po dniu, tak daleko w przesz\u0142o\u015b\u0107, jak to si\u0119 oka\u017ce [&hellip;]<\/p>\n","protected":false},"author":7,"featured_media":0,"parent":0,"menu_order":0,"comment_status":"closed","ping_status":"closed","template":"","meta":{"jetpack_post_was_ever_published":false,"footnotes":""},"class_list":["post-212","page","type-page","status-publish","hentry"],"yoast_head":"<!-- This site is optimized with the Yoast SEO plugin v19.10 - https:\/\/yoast.com\/wordpress\/plugins\/seo\/ -->\n<title>O MNIE - Klimatyczna Warszawa<\/title>\n<meta name=\"robots\" content=\"index, follow, max-snippet:-1, max-image-preview:large, max-video-preview:-1\" \/>\n<link rel=\"canonical\" href=\"https:\/\/varsoviaklimat.pl\/?page_id=212\" \/>\n<meta property=\"og:locale\" content=\"pl_PL\" \/>\n<meta property=\"og:type\" content=\"article\" \/>\n<meta property=\"og:title\" content=\"O MNIE - Klimatyczna Warszawa\" \/>\n<meta property=\"og:description\" content=\"Planowe badania historii pogody warszawskiej rozpocz\u0105\u0142em wiosn\u0105 2007 roku. Cel tych dzia\u0142a\u0144 ulega\u0142 stopniowemu poszerzaniu; na pocz\u0105tku chodzi\u0142o tylko o wyszukiwanie z przesz\u0142o\u015bci klimatycznych rekord\u00f3w stolicy. P\u00f3\u017aniej \u2013 wszelkich zjawisk ekstremalnych. A\u017c wreszcie postanowi\u0142em spr\u00f3bowa\u0107 odtworzy\u0107 pogodow\u0105 histori\u0119 miasta tak dok\u0142adnie jak si\u0119 da, dzie\u0144 po dniu, tak daleko w przesz\u0142o\u015b\u0107, jak to si\u0119 oka\u017ce [&hellip;]\" \/>\n<meta property=\"og:url\" content=\"https:\/\/varsoviaklimat.pl\/?page_id=212\" \/>\n<meta property=\"og:site_name\" content=\"Klimatyczna Warszawa\" \/>\n<meta name=\"twitter:card\" content=\"summary_large_image\" \/>\n<meta name=\"twitter:label1\" content=\"Szacowany czas czytania\" \/>\n\t<meta name=\"twitter:data1\" content=\"1 minuta\" \/>\n<script type=\"application\/ld+json\" class=\"yoast-schema-graph\">{\"@context\":\"https:\/\/schema.org\",\"@graph\":[{\"@type\":\"WebPage\",\"@id\":\"https:\/\/varsoviaklimat.pl\/?page_id=212\",\"url\":\"https:\/\/varsoviaklimat.pl\/?page_id=212\",\"name\":\"O MNIE - Klimatyczna Warszawa\",\"isPartOf\":{\"@id\":\"https:\/\/varsoviaklimat.pl\/#website\"},\"datePublished\":\"2019-10-17T08:00:03+00:00\",\"dateModified\":\"2019-10-17T08:00:03+00:00\",\"breadcrumb\":{\"@id\":\"https:\/\/varsoviaklimat.pl\/?page_id=212#breadcrumb\"},\"inLanguage\":\"pl-PL\",\"potentialAction\":[{\"@type\":\"ReadAction\",\"target\":[\"https:\/\/varsoviaklimat.pl\/?page_id=212\"]}]},{\"@type\":\"BreadcrumbList\",\"@id\":\"https:\/\/varsoviaklimat.pl\/?page_id=212#breadcrumb\",\"itemListElement\":[{\"@type\":\"ListItem\",\"position\":1,\"name\":\"Strona g\u0142\u00f3wna\",\"item\":\"https:\/\/varsoviaklimat.pl\/\"},{\"@type\":\"ListItem\",\"position\":2,\"name\":\"O MNIE\"}]},{\"@type\":\"WebSite\",\"@id\":\"https:\/\/varsoviaklimat.pl\/#website\",\"url\":\"https:\/\/varsoviaklimat.pl\/\",\"name\":\"Klimatyczna Warszawa\",\"description\":\"Kronika pogody warszawskiej\",\"potentialAction\":[{\"@type\":\"SearchAction\",\"target\":{\"@type\":\"EntryPoint\",\"urlTemplate\":\"https:\/\/varsoviaklimat.pl\/?s={search_term_string}\"},\"query-input\":\"required name=search_term_string\"}],\"inLanguage\":\"pl-PL\"}]}<\/script>\n<!-- \/ Yoast SEO plugin. -->","yoast_head_json":{"title":"O MNIE - Klimatyczna Warszawa","robots":{"index":"index","follow":"follow","max-snippet":"max-snippet:-1","max-image-preview":"max-image-preview:large","max-video-preview":"max-video-preview:-1"},"canonical":"https:\/\/varsoviaklimat.pl\/?page_id=212","og_locale":"pl_PL","og_type":"article","og_title":"O MNIE - Klimatyczna Warszawa","og_description":"Planowe badania historii pogody warszawskiej rozpocz\u0105\u0142em wiosn\u0105 2007 roku. Cel tych dzia\u0142a\u0144 ulega\u0142 stopniowemu poszerzaniu; na pocz\u0105tku chodzi\u0142o tylko o wyszukiwanie z przesz\u0142o\u015bci klimatycznych rekord\u00f3w stolicy. P\u00f3\u017aniej \u2013 wszelkich zjawisk ekstremalnych. A\u017c wreszcie postanowi\u0142em spr\u00f3bowa\u0107 odtworzy\u0107 pogodow\u0105 histori\u0119 miasta tak dok\u0142adnie jak si\u0119 da, dzie\u0144 po dniu, tak daleko w przesz\u0142o\u015b\u0107, jak to si\u0119 oka\u017ce [&hellip;]","og_url":"https:\/\/varsoviaklimat.pl\/?page_id=212","og_site_name":"Klimatyczna Warszawa","twitter_card":"summary_large_image","twitter_misc":{"Szacowany czas czytania":"1 minuta"},"schema":{"@context":"https:\/\/schema.org","@graph":[{"@type":"WebPage","@id":"https:\/\/varsoviaklimat.pl\/?page_id=212","url":"https:\/\/varsoviaklimat.pl\/?page_id=212","name":"O MNIE - Klimatyczna Warszawa","isPartOf":{"@id":"https:\/\/varsoviaklimat.pl\/#website"},"datePublished":"2019-10-17T08:00:03+00:00","dateModified":"2019-10-17T08:00:03+00:00","breadcrumb":{"@id":"https:\/\/varsoviaklimat.pl\/?page_id=212#breadcrumb"},"inLanguage":"pl-PL","potentialAction":[{"@type":"ReadAction","target":["https:\/\/varsoviaklimat.pl\/?page_id=212"]}]},{"@type":"BreadcrumbList","@id":"https:\/\/varsoviaklimat.pl\/?page_id=212#breadcrumb","itemListElement":[{"@type":"ListItem","position":1,"name":"Strona g\u0142\u00f3wna","item":"https:\/\/varsoviaklimat.pl\/"},{"@type":"ListItem","position":2,"name":"O MNIE"}]},{"@type":"WebSite","@id":"https:\/\/varsoviaklimat.pl\/#website","url":"https:\/\/varsoviaklimat.pl\/","name":"Klimatyczna Warszawa","description":"Kronika pogody warszawskiej","potentialAction":[{"@type":"SearchAction","target":{"@type":"EntryPoint","urlTemplate":"https:\/\/varsoviaklimat.pl\/?s={search_term_string}"},"query-input":"required name=search_term_string"}],"inLanguage":"pl-PL"}]}},"_links":{"self":[{"href":"https:\/\/varsoviaklimat.pl\/index.php?rest_route=\/wp\/v2\/pages\/212","targetHints":{"allow":["GET"]}}],"collection":[{"href":"https:\/\/varsoviaklimat.pl\/index.php?rest_route=\/wp\/v2\/pages"}],"about":[{"href":"https:\/\/varsoviaklimat.pl\/index.php?rest_route=\/wp\/v2\/types\/page"}],"author":[{"embeddable":true,"href":"https:\/\/varsoviaklimat.pl\/index.php?rest_route=\/wp\/v2\/users\/7"}],"replies":[{"embeddable":true,"href":"https:\/\/varsoviaklimat.pl\/index.php?rest_route=%2Fwp%2Fv2%2Fcomments&post=212"}],"version-history":[{"count":1,"href":"https:\/\/varsoviaklimat.pl\/index.php?rest_route=\/wp\/v2\/pages\/212\/revisions"}],"predecessor-version":[{"id":213,"href":"https:\/\/varsoviaklimat.pl\/index.php?rest_route=\/wp\/v2\/pages\/212\/revisions\/213"}],"wp:attachment":[{"href":"https:\/\/varsoviaklimat.pl\/index.php?rest_route=%2Fwp%2Fv2%2Fmedia&parent=212"}],"curies":[{"name":"wp","href":"https:\/\/api.w.org\/{rel}","templated":true}]}}